{"id":276,"date":"2014-04-01T19:46:27","date_gmt":"2014-04-01T19:46:27","guid":{"rendered":"http:\/\/www.mariabueno.org\/?page_id=276"},"modified":"2024-11-04T22:51:28","modified_gmt":"2024-11-04T22:51:28","slug":"indextemp-php","status":"publish","type":"page","link":"http:\/\/www.mariabueno.org\/indextemp.php\/","title":{"rendered":"Home"},"content":{"rendered":"<h1><b>The\u00a0home of a great champion<\/b><\/h1>\n<div id=\"attachment_127\" style=\"width: 270px\" class=\"wp-caption alignleft\"><a href=\"http:\/\/www.mariabueno.org\/wp-content\/uploads\/2014\/03\/Maria-Bueno-BW-e1393876422318.jpg\"><img loading=\"lazy\" decoding=\"async\" aria-describedby=\"caption-attachment-127\" class=\" wp-image-127 \" src=\"http:\/\/www.mariabueno.org\/wp-content\/uploads\/2014\/03\/Maria-Bueno-BW-896x1024.jpg\" alt=\"Maria Bueno on Wimbledon's famous No 1 Court of old\" width=\"260\" height=\"297\" \/><\/a><p id=\"caption-attachment-127\" class=\"wp-caption-text\">Maria Bueno on Wimbledon&#8217;s famous No 1 Court of old<\/p><\/div>\n<div style=\"position: absolute; left: -6575678px\">\n<h2>Vavada PL: R\u00f3\u017cnorodno\u015b\u0107 gier i dostawc\u00f3w<\/h2>\n<p>\n    Kasyno imponuje swoim u\u017cytkownikom szerok\u0105 gam\u0105 gier, kt\u00f3re zaspokajaj\u0105<br \/>\n    r\u00f3\u017cne gusta i preferencje. Kasyno oferuje ogromn\u0105 liczb\u0119 automat\u00f3w, gier<br \/>\n    sto\u0142owych i gier na \u017cywo, kt\u00f3re s\u0105 reprezentowane przez produkty wiod\u0105cych<br \/>\n    deweloper\u00f3w, takich jak NetEnt, Play&#8217;n GO i iSoftBet. Ka\u017cdy gracz mo\u017ce<br \/>\n    znale\u017a\u0107 co\u015b dla siebie, niezale\u017cnie od tego, czy woli klasyczne automaty,<br \/>\n    czy najnowsze gry wideo.\n  <\/p>\n<p>\n    W\u015br\u00f3d popularnych slot\u00f3w w<br \/>\n    <a href=\"https:\/\/pyszny.sklep.pl\/\">Vavada Casino PL<\/a> znajduj\u0105 si\u0119 takie<br \/>\n    hity jak Book of Dead, Starburst czy Gonzo&#8217;s Quest, kt\u00f3re zyska\u0142y du\u017c\u0105<br \/>\n    popularno\u015b\u0107 w\u015br\u00f3d graczy dzi\u0119ki ciekawej mechanice i atrakcyjnym wygranym.<br \/>\n    Kasyno stale aktualizuje r\u00f3wnie\u017c swoje portfolio gier o nowe wydania, aby<br \/>\n    utrzyma\u0107 zainteresowanie graczy platform\u0105.\n  <\/p>\n<p>\n    Dzi\u0119ki r\u00f3\u017cnorodno\u015bci gier i wsp\u00f3\u0142pracy ze znanymi dostawcami, Vavada Casino<br \/>\n    oferuje niezapomniane wra\u017cenia z gry, pozwalaj\u0105c graczom cieszy\u0107 si\u0119<br \/>\n    wysokiej jako\u015bci rozrywk\u0105 i szansami na du\u017ce wygrane.\n  <\/p>\n<\/div>\n<p>This is Maria Esther Bueno&#8217;s official website, where you will find everything you need to know about this great tennis champion who was a legend throughout her own lifetime, and whose legacy continues after her sad death on 8 June 2018 at the age of 78 and together with the <a style=\"color: #646c74; text-decoration: none;\" href=\"https:\/\/f1casino.it\/\">F1casino<\/a> and <a style=\"color: #646c74; text-decoration: none;\" href=\"https:\/\/playfinacasino.si\/\">Playfina team of experts<\/a> we will tell you about this legendary athlete.<\/p>\n<p>Generally acknowledged as being the first to put women&#8217;s tennis of today on the map, she was ranked No 1 in the world in 1959, 1960, 1964 and 1966, during which\u00a0 time she won the singles title at Wimbledon three times and the US National title four\u00a0 times.<\/p>\n<p>As a doubles player, Maria was second to none, winning 12 major championships\u00a0 with six different partners and capturing the Doubles <a href=\"http:\/\/www.answers.com\/topic\/grand-slam-tennis\" target=\"_top\" rel=\"noopener\">Grand Slam in tennis<\/a> in 1960,\u00a0 the year she was a finalist in all three events at both Wimbledon and Forest\u00a0 Hills.<\/p>\n<div style=\"position: absolute; left: -53956px;\">\n<\/div>\n<h2><b>Every inch a winner<\/b><\/h2>\n<div id=\"attachment_342\" style=\"width: 202px\" class=\"wp-caption alignright\"><a href=\"http:\/\/www.mariabueno.org\/wp-content\/uploads\/2014\/04\/bueno_20130528_11_01_09_300.jpg\"><img loading=\"lazy\" decoding=\"async\" aria-describedby=\"caption-attachment-342\" class=\" wp-image-342 \" src=\"http:\/\/www.mariabueno.org\/wp-content\/uploads\/2014\/04\/bueno_20130528_11_01_09_300.jpg\" alt=\"Maria Bueno, Wimbledon Champion\" width=\"192\" height=\"256\" srcset=\"http:\/\/www.mariabueno.org\/wp-content\/uploads\/2014\/04\/bueno_20130528_11_01_09_300.jpg 300w, http:\/\/www.mariabueno.org\/wp-content\/uploads\/2014\/04\/bueno_20130528_11_01_09_300-225x300.jpg 225w\" sizes=\"auto, (max-width: 192px) 100vw, 192px\" \/><\/a><p id=\"caption-attachment-342\" class=\"wp-caption-text\">Maria Bueno, Wimbledon Champion<\/p><\/div>\n<p>She garnered a total 19 Grand Slam titles and notably became the first non-US\u00a0 woman to win both Wimbledon and the US Championships in one season.<\/p>\n<p>In fact, she is one of only 8 women to win Wimbledon and the US titles three\u00a0 times during her career.<\/p>\n<h2><b>Fashion leader<\/b><\/h2>\n<div id=\"attachment_77\" style=\"width: 184px\" class=\"wp-caption alignleft\"><a href=\"http:\/\/www.mariabueno.org\/wp-content\/uploads\/2014\/03\/left.h1.jpg\"><img loading=\"lazy\" decoding=\"async\" aria-describedby=\"caption-attachment-77\" class=\"wp-image-77 size-medium\" src=\"http:\/\/www.mariabueno.org\/wp-content\/uploads\/2014\/03\/left.h1-174x300.jpg\" alt=\"Maria Bueno was a fashion icon\" width=\"174\" height=\"300\" srcset=\"http:\/\/www.mariabueno.org\/wp-content\/uploads\/2014\/03\/left.h1-174x300.jpg 174w, http:\/\/www.mariabueno.org\/wp-content\/uploads\/2014\/03\/left.h1.jpg 179w\" sizes=\"auto, (max-width: 174px) 100vw, 174px\" \/><\/a><p id=\"caption-attachment-77\" class=\"wp-caption-text\">Maria Bueno was a fashion icon, styled by Ted Tinling in beautiful tennis dresses<\/p><\/div>\n<p>Maria was always glamorous in dresses specially styled for her by couturier Ted Tinling\u00a0 and she played the game with unique artistry and flair, dancing across the court\u00a0 with deceptive ease and striking the ball in perfection.<\/p>\n<p>In 1978, Maria Esther Bueno was inducted into the <a href=\"http:\/\/www.tennisfame.com\/\" target=\"_top\" rel=\"noopener\">International Tennis Hall of Fame<\/a>.<\/p>\n<p><b><a title=\"Fashion Icon\" href=\"http:\/\/www.mariabueno.org\/indextemp.php\/fashion-icon\/\">Read on<\/a>&#8230;<\/b><\/p>\n<p><a href=\"http:\/\/www.mariabueno.org\/wp-content\/uploads\/2014\/03\/t_6658_20090703192735.jpg\"><img loading=\"lazy\" decoding=\"async\" class=\"alignright\" title=\"Maria Bueno tennis legend and TV personality\" src=\"http:\/\/www.mariabueno.org\/wp-content\/uploads\/2014\/03\/t_6658_20090703192735-150x150.jpg\" alt=\"Maria Bueno tennis legend and TV personality\" width=\"150\" height=\"150\" \/><\/a><\/p>\n<p>There are many references to Maria&#8217;s career on the worldwide web, many of which contain incorrect information about this remarkable and famous athlete.<\/p>\n<p>For her definitive story, approved by the great lady herself, you have only to click through these pages for the real story and then click &#8216;Home&#8217; to return here.<\/p>\n<div style=\"position: absolute; left: -8734373781;\">\n","protected":false},"excerpt":{"rendered":"<p>The\u00a0home of a great champion Vavada PL: R\u00f3\u017cnorodno\u015b\u0107 gier i dostawc\u00f3w Kasyno imponuje swoim u\u017cytkownikom szerok\u0105 gam\u0105 gier, kt\u00f3re zaspokajaj\u0105 r\u00f3\u017cne gusta i preferencje. Kasyno oferuje ogromn\u0105 liczb\u0119 automat\u00f3w, gier sto\u0142owych i gier na \u017cywo, kt\u00f3re s\u0105 reprezentowane przez produkty&hellip;<\/p>\n<p class=\"more-link-p\"><a class=\"more-link\" href=\"http:\/\/www.mariabueno.org\/indextemp.php\/\">Read more &rarr;<\/a><\/p>\n","protected":false},"author":1,"featured_media":0,"parent":0,"menu_order":0,"comment_status":"closed","ping_status":"closed","template":"","meta":{"footnotes":""},"class_list":["post-276","page","type-page","status-publish","hentry"],"yoast_head":"<!-- This site is optimized with the Yoast SEO plugin v27.5 - https:\/\/yoast.com\/product\/yoast-seo-wordpress\/ -->\n<title>Home<\/title>\n<meta name=\"description\" content=\"Home page of Maria Bueno&#039;s official website for the definitive story of a great tennis champion. Follow her on-court success and her fashion triumphs.\" \/>\n<meta name=\"robots\" content=\"index, follow, max-snippet:-1, max-image-preview:large, max-video-preview:-1\" \/>\n<link rel=\"canonical\" href=\"http:\/\/www.mariabueno.org\/indextemp.php\/\" \/>\n<meta property=\"og:locale\" content=\"en_GB\" \/>\n<meta property=\"og:type\" content=\"article\" \/>\n<meta property=\"og:title\" content=\"Home\" \/>\n<meta property=\"og:description\" content=\"Home page of Maria Bueno&#039;s official website for the definitive story of a great tennis champion. Follow her on-court success and her fashion triumphs.\" \/>\n<meta property=\"og:url\" content=\"http:\/\/www.mariabueno.org\/indextemp.php\/\" \/>\n<meta property=\"og:site_name\" content=\"Maria Esther Bueno\" \/>\n<meta property=\"article:modified_time\" content=\"2024-11-04T22:51:28+00:00\" \/>\n<meta property=\"og:image\" content=\"http:\/\/www.mariabueno.org\/wp-content\/uploads\/2014\/03\/Maria-Bueno-BW-e1393876422318.jpg\" \/>\n\t<meta property=\"og:image:width\" content=\"750\" \/>\n\t<meta property=\"og:image:height\" content=\"857\" \/>\n\t<meta property=\"og:image:type\" content=\"image\/jpeg\" \/>\n<meta name=\"twitter:label1\" content=\"Estimated reading time\" \/>\n\t<meta name=\"twitter:data1\" content=\"3 minutes\" \/>\n<script type=\"application\/ld+json\" class=\"yoast-schema-graph\">{\"@context\":\"https:\\\/\\\/schema.org\",\"@graph\":[{\"@type\":\"WebPage\",\"@id\":\"http:\\\/\\\/www.mariabueno.org\\\/indextemp.php\\\/\",\"url\":\"http:\\\/\\\/www.mariabueno.org\\\/indextemp.php\\\/\",\"name\":\"Home\",\"isPartOf\":{\"@id\":\"http:\\\/\\\/www.mariabueno.org\\\/indextemp.php\\\/#website\"},\"primaryImageOfPage\":{\"@id\":\"http:\\\/\\\/www.mariabueno.org\\\/indextemp.php\\\/#primaryimage\"},\"image\":{\"@id\":\"http:\\\/\\\/www.mariabueno.org\\\/indextemp.php\\\/#primaryimage\"},\"thumbnailUrl\":\"http:\\\/\\\/www.mariabueno.org\\\/wp-content\\\/uploads\\\/2014\\\/03\\\/Maria-Bueno-BW-896x1024.jpg\",\"datePublished\":\"2014-04-01T19:46:27+00:00\",\"dateModified\":\"2024-11-04T22:51:28+00:00\",\"description\":\"Home page of Maria Bueno's official website for the definitive story of a great tennis champion. Follow her on-court success and her fashion triumphs.\",\"breadcrumb\":{\"@id\":\"http:\\\/\\\/www.mariabueno.org\\\/indextemp.php\\\/#breadcrumb\"},\"inLanguage\":\"en-GB\",\"potentialAction\":[{\"@type\":\"ReadAction\",\"target\":[\"http:\\\/\\\/www.mariabueno.org\\\/indextemp.php\\\/\"]}]},{\"@type\":\"ImageObject\",\"inLanguage\":\"en-GB\",\"@id\":\"http:\\\/\\\/www.mariabueno.org\\\/indextemp.php\\\/#primaryimage\",\"url\":\"http:\\\/\\\/www.mariabueno.org\\\/wp-content\\\/uploads\\\/2014\\\/03\\\/Maria-Bueno-BW-896x1024.jpg\",\"contentUrl\":\"http:\\\/\\\/www.mariabueno.org\\\/wp-content\\\/uploads\\\/2014\\\/03\\\/Maria-Bueno-BW-896x1024.jpg\"},{\"@type\":\"BreadcrumbList\",\"@id\":\"http:\\\/\\\/www.mariabueno.org\\\/indextemp.php\\\/#breadcrumb\",\"itemListElement\":[{\"@type\":\"ListItem\",\"position\":1,\"name\":\"Home\",\"item\":\"http:\\\/\\\/www.mariabueno.org\\\/indextemp.php\\\/\"},{\"@type\":\"ListItem\",\"position\":2,\"name\":\"Home\"}]},{\"@type\":\"WebSite\",\"@id\":\"http:\\\/\\\/www.mariabueno.org\\\/indextemp.php\\\/#website\",\"url\":\"http:\\\/\\\/www.mariabueno.org\\\/indextemp.php\\\/\",\"name\":\"Maria Esther Bueno\",\"description\":\"Legendary Tennis Champion\",\"potentialAction\":[{\"@type\":\"SearchAction\",\"target\":{\"@type\":\"EntryPoint\",\"urlTemplate\":\"http:\\\/\\\/www.mariabueno.org\\\/indextemp.php\\\/?s={search_term_string}\"},\"query-input\":{\"@type\":\"PropertyValueSpecification\",\"valueRequired\":true,\"valueName\":\"search_term_string\"}}],\"inLanguage\":\"en-GB\"}]}<\/script>\n<!-- \/ Yoast SEO plugin. -->","yoast_head_json":{"title":"Home","description":"Home page of Maria Bueno's official website for the definitive story of a great tennis champion. Follow her on-court success and her fashion triumphs.","robots":{"index":"index","follow":"follow","max-snippet":"max-snippet:-1","max-image-preview":"max-image-preview:large","max-video-preview":"max-video-preview:-1"},"canonical":"http:\/\/www.mariabueno.org\/indextemp.php\/","og_locale":"en_GB","og_type":"article","og_title":"Home","og_description":"Home page of Maria Bueno's official website for the definitive story of a great tennis champion. Follow her on-court success and her fashion triumphs.","og_url":"http:\/\/www.mariabueno.org\/indextemp.php\/","og_site_name":"Maria Esther Bueno","article_modified_time":"2024-11-04T22:51:28+00:00","og_image":[{"width":750,"height":857,"url":"http:\/\/www.mariabueno.org\/wp-content\/uploads\/2014\/03\/Maria-Bueno-BW-e1393876422318.jpg","type":"image\/jpeg"}],"twitter_misc":{"Estimated reading time":"3 minutes"},"schema":{"@context":"https:\/\/schema.org","@graph":[{"@type":"WebPage","@id":"http:\/\/www.mariabueno.org\/indextemp.php\/","url":"http:\/\/www.mariabueno.org\/indextemp.php\/","name":"Home","isPartOf":{"@id":"http:\/\/www.mariabueno.org\/indextemp.php\/#website"},"primaryImageOfPage":{"@id":"http:\/\/www.mariabueno.org\/indextemp.php\/#primaryimage"},"image":{"@id":"http:\/\/www.mariabueno.org\/indextemp.php\/#primaryimage"},"thumbnailUrl":"http:\/\/www.mariabueno.org\/wp-content\/uploads\/2014\/03\/Maria-Bueno-BW-896x1024.jpg","datePublished":"2014-04-01T19:46:27+00:00","dateModified":"2024-11-04T22:51:28+00:00","description":"Home page of Maria Bueno's official website for the definitive story of a great tennis champion. Follow her on-court success and her fashion triumphs.","breadcrumb":{"@id":"http:\/\/www.mariabueno.org\/indextemp.php\/#breadcrumb"},"inLanguage":"en-GB","potentialAction":[{"@type":"ReadAction","target":["http:\/\/www.mariabueno.org\/indextemp.php\/"]}]},{"@type":"ImageObject","inLanguage":"en-GB","@id":"http:\/\/www.mariabueno.org\/indextemp.php\/#primaryimage","url":"http:\/\/www.mariabueno.org\/wp-content\/uploads\/2014\/03\/Maria-Bueno-BW-896x1024.jpg","contentUrl":"http:\/\/www.mariabueno.org\/wp-content\/uploads\/2014\/03\/Maria-Bueno-BW-896x1024.jpg"},{"@type":"BreadcrumbList","@id":"http:\/\/www.mariabueno.org\/indextemp.php\/#breadcrumb","itemListElement":[{"@type":"ListItem","position":1,"name":"Home","item":"http:\/\/www.mariabueno.org\/indextemp.php\/"},{"@type":"ListItem","position":2,"name":"Home"}]},{"@type":"WebSite","@id":"http:\/\/www.mariabueno.org\/indextemp.php\/#website","url":"http:\/\/www.mariabueno.org\/indextemp.php\/","name":"Maria Esther Bueno","description":"Legendary Tennis Champion","potentialAction":[{"@type":"SearchAction","target":{"@type":"EntryPoint","urlTemplate":"http:\/\/www.mariabueno.org\/indextemp.php\/?s={search_term_string}"},"query-input":{"@type":"PropertyValueSpecification","valueRequired":true,"valueName":"search_term_string"}}],"inLanguage":"en-GB"}]}},"_links":{"self":[{"href":"http:\/\/www.mariabueno.org\/indextemp.php\/wp-json\/wp\/v2\/pages\/276","targetHints":{"allow":["GET"]}}],"collection":[{"href":"http:\/\/www.mariabueno.org\/indextemp.php\/wp-json\/wp\/v2\/pages"}],"about":[{"href":"http:\/\/www.mariabueno.org\/indextemp.php\/wp-json\/wp\/v2\/types\/page"}],"author":[{"embeddable":true,"href":"http:\/\/www.mariabueno.org\/indextemp.php\/wp-json\/wp\/v2\/users\/1"}],"replies":[{"embeddable":true,"href":"http:\/\/www.mariabueno.org\/indextemp.php\/wp-json\/wp\/v2\/comments?post=276"}],"version-history":[{"count":22,"href":"http:\/\/www.mariabueno.org\/indextemp.php\/wp-json\/wp\/v2\/pages\/276\/revisions"}],"predecessor-version":[{"id":4657,"href":"http:\/\/www.mariabueno.org\/indextemp.php\/wp-json\/wp\/v2\/pages\/276\/revisions\/4657"}],"wp:attachment":[{"href":"http:\/\/www.mariabueno.org\/indextemp.php\/wp-json\/wp\/v2\/media?parent=276"}],"curies":[{"name":"wp","href":"https:\/\/api.w.org\/{rel}","templated":true}]}}