{"id":38,"date":"2014-02-28T22:11:14","date_gmt":"2014-02-28T22:11:14","guid":{"rendered":"http:\/\/www.mariabueno.org\/?page_id=38"},"modified":"2020-06-15T16:13:34","modified_gmt":"2020-06-15T16:13:34","slug":"testimonies","status":"publish","type":"page","link":"http:\/\/www.mariabueno.org\/indextemp.php\/testimonies\/","title":{"rendered":"Video links"},"content":{"rendered":"<p>More and more footage is being released from the archives and here are some links to the best of them.<\/p>\n<h1>In Memoriam<\/h1>\n<ul>\n<li><a href=\"https:\/\/youtu.be\/idWAUfbWKQk\" target=\"_blank\" rel=\"noopener noreferrer\"><strong>Maria Esther Bueno &#8211; 1st singles title at Wimbledon<\/strong><\/a> <em>(11 July 2019)<\/em><\/li>\n<li><span style=\"color: #000000;\"><a href=\"https:\/\/youtu.be\/_5j2Dcq-msM\" target=\"_blank\" rel=\"noopener noreferrer\"><strong>Maria Esther Bueno &#8211; Document\u00e1rio <\/strong><\/a><em>(SporTV &#8211; 14 March 2019)<\/em><\/span><\/li>\n<li><a href=\"https:\/\/youtu.be\/wbWBLqq_MQc\" target=\"_blank\" rel=\"noopener noreferrer\"><strong>Despedida a Maria Esther Bueno<\/strong><\/a> <em>(afpbr &#8211; 9 June 2018)<\/em><\/li>\n<li><strong><a href=\"https:\/\/youtu.be\/HYCXTamKG7U\" target=\"_blank\" rel=\"noopener noreferrer\">Jornal Nacional: Morre a tenista Maria Esther Bueno<\/a><\/strong> <em>(Canal &#8211; 8 June 2018)\u00a0<\/em><\/li>\n<\/ul>\n<h1>News footage<\/h1>\n<ul>\n<li><strong><a href=\"http:\/\/youtu.be\/X5Ky3Le7Fa4\" target=\"_blank\" rel=\"noopener noreferrer\">Maria Bueno&#8217;s speech at Tobarcanga IV<\/a>\u00a0<\/strong><em>(Published\u00a027 April 2014)<\/em><\/li>\n<li><a href=\"http:\/\/www.youtube.com\/watch?v=0ew1-s8hgTE\" target=\"_blank\" rel=\"noopener noreferrer\"><strong>Bastidores do SporTV no Rio Open<\/strong><\/a>: <em>(Published on 22 Feb 2014) O Tennis Report acompanhou a transmiss\u00e3o do SporTV no Rio Open e registrou a participa\u00e7\u00e3o de Teliana Pereira ao lado de Eusebio Resende e Maria Esther Bueno na cabine da emissora. Confira!\u00a0\u00a0<\/em><\/li>\n<li><a href=\"http:\/\/www.youtube.com\/watch?v=PUzOMYKBWF8\" target=\"_blank\" rel=\"noopener noreferrer\"><strong>Homenagem a Maria Esther Bueno na Quadra Central | Rio Open<\/strong><\/a>:<em> Imposs\u00edvel fazer o maior torneio de t\u00eanis da Am\u00e9rica do Sul sem a presen\u00e7a da maior tenista brasileira de todos os tempos. Maria Esther Bueno recebeu uma homenagem emocionante na Quadra Central do Rio Open apresentado pela Claro hdtv.<\/em><\/li>\n<li><a href=\"http:\/\/www.youtube.com\/watch?v=EcoaZFHrP7U\" target=\"_blank\" rel=\"noopener noreferrer\"><strong>Maria Esther Bueno Recebe Homenagem Duranto Rio Open De T\u00eanis<\/strong><\/a><\/li>\n<li><a href=\"http:\/\/www.youtube.com\/watch?v=W6rvWTRkBJ4\" target=\"_blank\" rel=\"noopener noreferrer\"><strong>Tenistas Mirins Entram Em Cena E Treinam Com Maria Esther Bueno Nas Quadras Do Rio Open\u00a0<\/strong><\/a>: <em>Published on 22 Feb 2014<\/em><\/li>\n<li><a href=\"http:\/\/www.youtube.com\/watch?v=E60wW0gmbBE\" target=\"_blank\" rel=\"noopener noreferrer\"><strong>Maria Esther Bueno &#8211; Rio Open<\/strong><\/a>:<em> Hitting at the Rio Open, February 2014<\/em><\/li>\n<li><a href=\"http:\/\/www.youtube.com\/watch?v=BfFG-wcVljI\" target=\"_blank\" rel=\"noopener noreferrer\"><strong>Maria Esther Bueno fala sobre a expectativa para o Rio Open | Rio Open<\/strong><\/a>: <em>(Published on 22 Feb 2014<strong>) <\/strong>A eterna bailarina das quadras, Maria Esther Bueno, veio prestigiar v\u00e1rios dias do Rio Open apresentado pela Claro hdtv. Durante o Qualifying, ela contou as expectativas para o torneio e lembrou como o evento \u00e9 importante no atual cen\u00e1rio do esporte no Brasil.\u00a0<\/em><\/li>\n<li><a href=\"http:\/\/www.youtube.com\/watch?v=08WoLJ1NZgI\" target=\"_blank\" rel=\"noopener noreferrer\"><strong>WTA Live All Access Hour presented by Xerox | 2014 Rio Open:<\/strong><\/a> <em>Come along to the Rio Open with WTA Live All Access Hour presented by Xerox, where Bruno Sassi and co-host Vania King helped interview Yaroslava Shvedova, Teliana Pereira, Paula Ormaechea, Francesca Schiavone, Klara Zakopalova and even Brazilian tennis legend Maria Bueno. &#8211; See more at: <\/em><a dir=\"ltr\" title=\"http:\/\/www.wtatennis.com\/news\/article\/3667458\/title\/wta-live-all-access-hour-in-rio#sthash.tYnA2Iho.dpuf\" href=\"http:\/\/www.wtatennis.com\/news\/article\/3667458\/title\/wta-live-all-access-hour-in-rio#sthash.tYnA2Iho.dpuf\" target=\"_blank\" rel=\"nofollow noopener noreferrer\"><em>http:\/\/www.wtatennis.com\/news\/article&#8230;<\/em><\/a><\/li>\n<li><a href=\"http:\/\/www.youtube.com\/watch?v=ItUaBfy0hFg\" target=\"_blank\" rel=\"noopener noreferrer\"><strong>Maria Esther Bueno, uma lenda do esporte brasileiro<\/strong><\/a>:<em> Comit\u00ea Ol\u00edmpico Brasileiro prestou homenagem aos atletas que disputaram os Jogos Pan-americanos S\u00e3o Paulo 1963 no Pr\u00eamio Brasil Ol\u00edmpico 2013. #PBO\u00a0\u00a0<\/em><\/li>\n<li><a href=\"http:\/\/www.youtube.com\/watch?v=aV_AEsde8H8\" target=\"_blank\" rel=\"noopener noreferrer\"><strong>Rafael Nadal posta foto com Maria Esther Bueno na sua p\u00e1gina<\/strong><\/a> &#8211; <em>Highlights &#8211; Rafael Nadal x Berloq &#8211; Brasil Open &#8211; ATP S\u00e3o Paulo 15\/02\/2013 &#8211; Brazil Open 2013 &#8211; Aberto do Brasil 2013 &#8211; Rafael Nadal puso foto con Mar\u00eda Esther Bueno en su p\u00e1gina de Facebook; Rafael Nadal put photo with Maria Esther Bueno on his Facebook page<\/em><br \/>\n<em>Rafael Nadal posta foto com Maria Esther Bueno na sua p\u00e1gina do Facebook: &#8220;Con una leyenda del tenis, Maria Bueno, ganadora de 19 Grand Slams!!!<\/em> <em>With a tennis legend, Maria Bueno, winner of 19 Grand Slams!!!!&#8221;<\/em><\/li>\n<li><a href=\"http:\/\/www.youtube.com\/watch?v=nx35R3w_lTw\" target=\"_blank\" rel=\"noopener noreferrer\"><strong>Maria Esther Bueno &#8211; Gillette Federer Tour<\/strong><\/a>:<em> (Published on 9 Dec 2012) Gillette Federer Tour &#8211; S\u00e3o Paulo &#8211; 2012 Maria Esther Bueno entra em quadra para receber uma justa homenagem<\/em><\/li>\n<li><a href=\"http:\/\/www.youtube.com\/watch?v=iutAsDtc2Gs\" target=\"_blank\" rel=\"noopener noreferrer\"><strong>Guga e Federer treinam voleio com Maria Esther Bueno\u00a0<\/strong><\/a>:<em> (Published on 7 Dec 2012)\u00a0Encontro aconteceu no Ibirapuera<\/em><\/li>\n<li><a href=\"http:\/\/www.youtube.com\/watch?v=JlIO6Woq5WY\" target=\"_blank\" rel=\"noopener noreferrer\"><strong>Masons Tennis: Maria Bueno at the International Hall of Fame 2012<\/strong><\/a> &#8211;<em> Maria Bueno #1 female Brazilian tennis player of all time. Maria is accredited as being the first to put women&#8217;s tennis on the map, ranked No. 1 in the world in 1959, 1960, 1964 and 1966, during which time she won the singles title at Wimbledon three times and the US National title four times.<\/em><\/li>\n<li><a href=\"http:\/\/www.youtube.com\/watch?v=iroBKjKlFYA\" target=\"_blank\" rel=\"noopener noreferrer\"><strong>ENCONTRO DAS MARIAS (Sharapova X Esther Bueno)<\/strong><\/a>: <em>(Uploaded on 4 Dec 2009)\u00a0Sharapova e Maria Esther Bueno jogando t\u00eanis na Rua Oscar Freire &#8211; S\u00e3o Paulo<\/em><\/li>\n<li><a href=\"http:\/\/www.youtube.com\/watch?v=dsSRXYpxxcs\" target=\"_blank\" rel=\"noopener noreferrer\"><strong>Max Wilson no programa Linha de Chegada Entrevista<\/strong><\/a>:<em> (Uploaded on 27 Oct 2011)<strong>\u00a0<\/strong>Ao lado da ex-jogadora de t\u00eanis Maria Esther Bueno, piloto da Eurofarma-RC fala sobre sua paix\u00e3o pelas raquetes e elogia competitividade da Stock Car.<\/em><\/li>\n<li><a href=\"http:\/\/www.youtube.com\/watch?v=L_ft6quMK2o\" target=\"_blank\" rel=\"noopener noreferrer\"><strong>JK condecora Maria Ester Bueno &#8211; 1959<\/strong><\/a><\/li>\n<\/ul>\n<h1>Match footage<\/h1>\n<ul>\n<li><a href=\"http:\/\/www.youtube.com\/watch?v=RN3dkdpGUmg\" target=\"_blank\" rel=\"noopener noreferrer\"><strong>Homenagem \u00e0 Maria Esther Bueno<\/strong><\/a>:\u00a0<em>(Published on 19 Feb 2014) Video produzido pela SP2 Brazil para o Rio Open 2014 no Rio de Janeiro.A sua emo\u00e7\u00e3o \u00e9 o nosso jogo! <a href=\"http:\/\/www.sp2brazil.com.br\">www.sp2brazil.com.br<\/a> \/ Edi\u00e7\u00e3o e finaliza\u00e7\u00e3o: Natalia Tanus<\/em><\/li>\n<li><a href=\"http:\/\/www.youtube.com\/watch?v=8p2VLe3-JcU\" target=\"_blank\" rel=\"noopener noreferrer\"><strong>Nancy Richey vs Maria Bueno, 1966 US Nationals, Forest Hills<\/strong><\/a>: <em>Newsreel highlights from the women&#8217;s singles final of the 1966 US National tennis championships, Forest Hills, New York.\u00a0 Maria Bueno (Brazil) defeated Nancy Richey (US) 6-3 6-1.<\/em><\/li>\n<li><a href=\"http:\/\/www.youtube.com\/watch?v=opHcRtGB1fE\" target=\"_blank\" rel=\"noopener noreferrer\"><strong>American Tennis Finals AKA U.S. Tennis Finals (1966)<\/strong><\/a><\/li>\n<li><a href=\"http:\/\/www.youtube.com\/watch?v=HX5TrJadbD8\" target=\"_blank\" rel=\"noopener noreferrer\"><strong>1966 Wimbledon finals &#8211; Santana beats Ralston Billie Jean King beats Bueno newsreel archival footage\u00a0<\/strong><\/a>:<em>1966 Wimbledon finals. Manuel Santana defeated Dennis Ralston. Billie-Jean King Moffitt (USA) defeated Maria Bueno (BRA).<\/em><\/li>\n<li><a href=\"http:\/\/www.youtube.com\/watch?v=PCOtp6LVej8\" target=\"_blank\" rel=\"noopener noreferrer\"><strong>Roy Emerson and Margaret Smith Win Wimbledon 1965<\/strong><\/a> &#8211;\u00a0<em>Newsreel PublicDomainFootage.com: Newsreel. 1965 Wimbledon. Roy Emerson wins Singles while Margaret Smith win Women&#8217;s Singles, defeating Maria Bueno in the final. Both are Australian.<\/em><\/li>\n<li><a href=\"http:\/\/youtu.be\/GMwcmWnB80I\" target=\"_blank\" rel=\"noopener noreferrer\"><strong>Wimbledon Finals (1964): <\/strong><\/a><em><a href=\"http:\/\/www.youtube.com\/watch?v=GMwcmWnB80I\" target=\"_blank\" rel=\"noopener noreferrer\"><strong>\u00a0<\/strong><\/a>Full title reads: &#8220;Wimbledon Finals&#8221;. Technicolor material. All England Lawn Tennis Club, Wimbledon, London.Various shots of crowds arriving and queuing up at Wimbledon. Various shots of Men&#8217;s Singles Wimbledon Tennis finals on the centre court. Fred Stolle and Roy Emerson are the finalists. Princess Margaret, Princess Marina and Princess Alexandra are watching from the Royal Box. Emerson wins and the cup is presented by Princess Marina. Various shots of Men&#8217;s Doubles final. Stolle, RA Hewitt, KN Fletcher and Emerson play. Stolle and Hewitt win the Championship. Various shots of Women&#8217;s Singles final. Maria Bueno and Margaret Smith play. Bueno wins and is presented the Trophy by Princess Marina.<\/em><\/li>\n<li><a href=\"http:\/\/www.youtube.com\/watch?v=T55BrBvl6oU\" target=\"_blank\" rel=\"noopener noreferrer\"><strong>Tenis \/ Rafael Osuna y Maria Bueno<\/strong><\/a>: <em>En 1963, dos americanos ganaron el Campeonato de Estados Unidos (el actual Abierto de Estados Unidos): el mexicano Rafael Osuna y la brasile\u00f1a Maria Ester Audion Bueno. En estas im\u00e1genes puedes verlos en sus respectivas finales. \u00a1As\u00ed se juega al tenis! Rafael Osuna y Maria Bueno. En estas hist\u00f3ricas im\u00e1genes se pueden contemplar algunas de las acciones del mexicano Rafael Osuna y de la brasile\u00f1a Maria Ester Audion Bueno en las respectivas finales de las categor\u00edas individuales masculina y femenina del Campeonato de Estados Unidos (actual Abierto de Estados Unidos) de 1963, en el que ambos lograron la victoria\u00a0\u00a0<\/em><\/li>\n<li><a href=\"http:\/\/www.youtube.com\/watch?v=3pDqcYzXU58\" target=\"_blank\" rel=\"noopener noreferrer\"><strong>America &#8211; Sport And Beauty (1963)<\/strong><\/a>: <em>(After golf) Forest Hills, New York, United States of America (USA). GV Maria Bueno serves to Margaret Smith during the US Women&#8217;s Singles Final tennis match at Forest Hills. Smith returns, Bueno volleys, Smith returns, Bueno smashes to win the point. Crowd cheering. GV Bueno serves again. Smith returns, Bueno gets it back, Smith returns, Bueno volleys, Smith returns Bueno volleys to win. Margaret Smith congratulates her.<\/em><\/li>\n<li><a href=\"http:\/\/www.youtube.com\/watch?v=KZqcq8413yU\" target=\"_blank\" rel=\"noopener noreferrer\"><strong>1962 &#8211; MARIA ESTHER BUENO EM WIMBLEDON<\/strong><\/a>: <em>Maria Esther Bueno disputa partida de t\u00eanis em 1962, em Wimbledon<\/em><\/li>\n<li><a href=\"http:\/\/www.youtube.com\/watch?v=z9pmmfUiYxg\" target=\"_blank\" rel=\"noopener noreferrer\"><strong>Vera Sukova vs. Maria Bueno, 1962<\/strong><\/a>: <em>Vera Sukova defeated Maria Bueno 6-4 6-3 in the semifinals of Wimbledon, 1962.\u00a0 Earlier, Sukova defeated Jan Lehane, defending champion Angela Mortimer, and U. S. No. 1 Darlene Hard.\u00a0 In this match, Bueno led 3-2 in the first set, and then served three double faults.\u00a0 Sukova used well placed lobs and passing shots to win the first set, and after Bueno reached 3-1 in the second set, Sukova won five games to take the match.\u00a0 In the final, Sukova lost to Karen Susman, 6-4 6-4.<\/em><\/li>\n<li><strong><a href=\"http:\/\/www.youtube.com\/watch?v=68Ir2gZ2GU4\" target=\"_blank\" rel=\"noopener noreferrer\">1965 Italian Championships<\/a>:<\/strong>\u00a0<em>In the finals of the 1965 Italian Championships, Maria Bueno (Brazil) defeated Nancy Richey (US) 6-1 1-6 6-3 and Martin Mulligan (Australia) defeated Manuel Santana 1-6 6-4 6-3 6-1.\u00a0 Bueno had previously won the title in 1958 and 1961, and Mulligan had previously won the title in 1963.<\/em><\/li>\n<li><strong><a href=\"http:\/\/www.youtube.com\/watch?v=dsNGzNKRETA\" target=\"_blank\" rel=\"noopener noreferrer\">Darlene Hard vs Maria Bueno, 1960 US Nationals &#8211; Forest Hills<\/a>:\u00a0<\/strong><em>Darlene Hard defeated Maria Bueno 6-4 10-12 6-4\u00a0 to win the 1960 US National Women&#8217;s Singles Championships.\u00a0 The finals were delayed for one week when Hurricane Donna lashed the Northeast<\/em><\/li>\n<li><a href=\"http:\/\/www.youtube.com\/watch?v=SzNH_XTGaqw\" target=\"_blank\" rel=\"noopener noreferrer\"><strong>Wimbledon Women&#8217;s Singles Final (1959)<\/strong> <\/a>&#8211;\u00a0<em>L\/S crowds applauding on the centre court.\u00a0 M\/S finalists Maria Bueno from Brazil and Darlene Hard from California walking onto the court.\u00a0 C\/U woman with cardigan over her head sheltering from the sun.\u00a0\u00a0 Various shots of tennis match, Maria Bueno at the far end serves. Maria wins the match.\u00a0 Hard runs up to the net and shakes hands with Bueno.\u00a0 Panning shot two girls leaving court.\u00a0 G\/V crowd applauding.\u00a0 L\/S Maria Bueno shaking hands with Duchess of Kent.\u00a0 The Duchess hands the trophy plate to Maria Bueno.\u00a0 C\/U Bueno holding the trophy.<\/em><\/li>\n<li><a href=\"http:\/\/www.youtube.com\/watch?v=PiqHfNmb3W0\" target=\"_blank\" rel=\"noopener noreferrer\"><strong>Maria Esther Bueno &#8211; Final Wimbledon &#8211; 1959\u00a0<\/strong><\/a>&#8211; <em>\u00daltimo game da final de simples feminina do Torneio de Wimbledon, no ano de 1959. Foi o primeiro t\u00edtulo de Maria Esther Bueno em Wimbledon. Imagens: Grandes Momentos do Esporte (TV Cultura).<\/em><\/li>\n<\/ul>\n<h1>Fashion footage<\/h1>\n<ul>\n<li><a href=\"http:\/\/www.youtube.com\/watch?v=kYDuA4F2ozA\" target=\"_blank\" rel=\"noopener noreferrer\"><strong>Wimbledon Fashion Preview (1967): Location<\/strong><\/a>: <em>Wimbledon, England \/ Great Britain; Story about fashion show featuring tennis players and held at Derry and Toms roof garden in Kensington; VS. Seven women walk towards camera in tennis fashions. Then CU shots from left to right, Stephanie DeFina (USA), Cathy Blake (USA) Ingrid Loeys (Belgium) Francoise Durr (France) Patti Hogan (USA) Frances MacLennan (Great Britain) and Tory Fretz (USA).<\/em><br \/>\n<em>MS and CU of Elena Subirats (Mexico) walking towards the camera and posing. VS Lorna Greville-Collins and Virginia Wade (Great Britain) pose with Maylis Burel (France) in front of the press. VS. of designer Teddy Tinling posing with tennis stars, he has Ann Jones and Maria Bueno (Brazil) either side of him. VS of twenty five tennis stars together together round a fountain, including CU and MS of Ann Jones, Maria Bueno and Lesley Turner (Australia). VS Lorna Greville-Collins and Virginia Wade (Great Britain) pose with Maylis Burel (France) to show off their mini-bloomer outfits. CU of Elena Subirats turning to smile at camera. LS and MS and CU of Ann Jones and Maria Bueno admiring flowers by a stream and CU of dresses with her birthday sign &#8211; Libra &#8211; on the front. CU of Maria Bueno&#8217;s cardigan with &#8216;M&#8217; on it.\u00a0 (Orig. Neg.) &#8211; Note: Event took place 1 June 1967.\u00a0\u00a0<\/em><\/li>\n<\/ul>\n","protected":false},"excerpt":{"rendered":"<p>More and more footage is being released from the archives and here are some links to the best of them. In Memoriam Maria Esther Bueno &#8211; 1st singles title at Wimbledon (11 July 2019) Maria Esther Bueno &#8211; Document\u00e1rio (SporTV&hellip;<\/p>\n<p class=\"more-link-p\"><a class=\"more-link\" href=\"http:\/\/www.mariabueno.org\/indextemp.php\/testimonies\/\">Read more &rarr;<\/a><\/p>\n","protected":false},"author":1,"featured_media":0,"parent":0,"menu_order":0,"comment_status":"closed","ping_status":"closed","template":"","meta":{"footnotes":""},"class_list":["post-38","page","type-page","status-publish","hentry"],"yoast_head":"<!-- This site is optimized with the Yoast SEO plugin v27.4 - https:\/\/yoast.com\/product\/yoast-seo-wordpress\/ -->\n<title>Video links - Maria Esther Bueno<\/title>\n<meta name=\"robots\" content=\"index, follow, max-snippet:-1, max-image-preview:large, max-video-preview:-1\" \/>\n<link rel=\"canonical\" href=\"http:\/\/www.mariabueno.org\/indextemp.php\/testimonies\/\" \/>\n<meta property=\"og:locale\" content=\"en_GB\" \/>\n<meta property=\"og:type\" content=\"article\" \/>\n<meta property=\"og:title\" content=\"Video links - Maria Esther Bueno\" \/>\n<meta property=\"og:description\" content=\"More and more footage is being released from the archives and here are some links to the best of them. In Memoriam Maria Esther Bueno &#8211; 1st singles title at Wimbledon (11 July 2019) Maria Esther Bueno &#8211; Document\u00e1rio (SporTV&hellip;Read more &rarr;\" \/>\n<meta property=\"og:url\" content=\"http:\/\/www.mariabueno.org\/indextemp.php\/testimonies\/\" \/>\n<meta property=\"og:site_name\" content=\"Maria Esther Bueno\" \/>\n<meta property=\"article:modified_time\" content=\"2020-06-15T16:13:34+00:00\" \/>\n<meta name=\"twitter:label1\" content=\"Estimated reading time\" \/>\n\t<meta name=\"twitter:data1\" content=\"8 minutes\" \/>\n<script type=\"application\/ld+json\" class=\"yoast-schema-graph\">{\"@context\":\"https:\\\/\\\/schema.org\",\"@graph\":[{\"@type\":\"WebPage\",\"@id\":\"http:\\\/\\\/www.mariabueno.org\\\/indextemp.php\\\/testimonies\\\/\",\"url\":\"http:\\\/\\\/www.mariabueno.org\\\/indextemp.php\\\/testimonies\\\/\",\"name\":\"Video links - Maria Esther Bueno\",\"isPartOf\":{\"@id\":\"http:\\\/\\\/www.mariabueno.org\\\/indextemp.php\\\/#website\"},\"datePublished\":\"2014-02-28T22:11:14+00:00\",\"dateModified\":\"2020-06-15T16:13:34+00:00\",\"breadcrumb\":{\"@id\":\"http:\\\/\\\/www.mariabueno.org\\\/indextemp.php\\\/testimonies\\\/#breadcrumb\"},\"inLanguage\":\"en-GB\",\"potentialAction\":[{\"@type\":\"ReadAction\",\"target\":[\"http:\\\/\\\/www.mariabueno.org\\\/indextemp.php\\\/testimonies\\\/\"]}]},{\"@type\":\"BreadcrumbList\",\"@id\":\"http:\\\/\\\/www.mariabueno.org\\\/indextemp.php\\\/testimonies\\\/#breadcrumb\",\"itemListElement\":[{\"@type\":\"ListItem\",\"position\":1,\"name\":\"Home\",\"item\":\"http:\\\/\\\/www.mariabueno.org\\\/indextemp.php\\\/\"},{\"@type\":\"ListItem\",\"position\":2,\"name\":\"Video links\"}]},{\"@type\":\"WebSite\",\"@id\":\"http:\\\/\\\/www.mariabueno.org\\\/indextemp.php\\\/#website\",\"url\":\"http:\\\/\\\/www.mariabueno.org\\\/indextemp.php\\\/\",\"name\":\"Maria Esther Bueno\",\"description\":\"Legendary Tennis Champion\",\"potentialAction\":[{\"@type\":\"SearchAction\",\"target\":{\"@type\":\"EntryPoint\",\"urlTemplate\":\"http:\\\/\\\/www.mariabueno.org\\\/indextemp.php\\\/?s={search_term_string}\"},\"query-input\":{\"@type\":\"PropertyValueSpecification\",\"valueRequired\":true,\"valueName\":\"search_term_string\"}}],\"inLanguage\":\"en-GB\"}]}<\/script>\n<!-- \/ Yoast SEO plugin. -->","yoast_head_json":{"title":"Video links - Maria Esther Bueno","robots":{"index":"index","follow":"follow","max-snippet":"max-snippet:-1","max-image-preview":"max-image-preview:large","max-video-preview":"max-video-preview:-1"},"canonical":"http:\/\/www.mariabueno.org\/indextemp.php\/testimonies\/","og_locale":"en_GB","og_type":"article","og_title":"Video links - Maria Esther Bueno","og_description":"More and more footage is being released from the archives and here are some links to the best of them. In Memoriam Maria Esther Bueno &#8211; 1st singles title at Wimbledon (11 July 2019) Maria Esther Bueno &#8211; Document\u00e1rio (SporTV&hellip;Read more &rarr;","og_url":"http:\/\/www.mariabueno.org\/indextemp.php\/testimonies\/","og_site_name":"Maria Esther Bueno","article_modified_time":"2020-06-15T16:13:34+00:00","twitter_misc":{"Estimated reading time":"8 minutes"},"schema":{"@context":"https:\/\/schema.org","@graph":[{"@type":"WebPage","@id":"http:\/\/www.mariabueno.org\/indextemp.php\/testimonies\/","url":"http:\/\/www.mariabueno.org\/indextemp.php\/testimonies\/","name":"Video links - Maria Esther Bueno","isPartOf":{"@id":"http:\/\/www.mariabueno.org\/indextemp.php\/#website"},"datePublished":"2014-02-28T22:11:14+00:00","dateModified":"2020-06-15T16:13:34+00:00","breadcrumb":{"@id":"http:\/\/www.mariabueno.org\/indextemp.php\/testimonies\/#breadcrumb"},"inLanguage":"en-GB","potentialAction":[{"@type":"ReadAction","target":["http:\/\/www.mariabueno.org\/indextemp.php\/testimonies\/"]}]},{"@type":"BreadcrumbList","@id":"http:\/\/www.mariabueno.org\/indextemp.php\/testimonies\/#breadcrumb","itemListElement":[{"@type":"ListItem","position":1,"name":"Home","item":"http:\/\/www.mariabueno.org\/indextemp.php\/"},{"@type":"ListItem","position":2,"name":"Video links"}]},{"@type":"WebSite","@id":"http:\/\/www.mariabueno.org\/indextemp.php\/#website","url":"http:\/\/www.mariabueno.org\/indextemp.php\/","name":"Maria Esther Bueno","description":"Legendary Tennis Champion","potentialAction":[{"@type":"SearchAction","target":{"@type":"EntryPoint","urlTemplate":"http:\/\/www.mariabueno.org\/indextemp.php\/?s={search_term_string}"},"query-input":{"@type":"PropertyValueSpecification","valueRequired":true,"valueName":"search_term_string"}}],"inLanguage":"en-GB"}]}},"_links":{"self":[{"href":"http:\/\/www.mariabueno.org\/indextemp.php\/wp-json\/wp\/v2\/pages\/38","targetHints":{"allow":["GET"]}}],"collection":[{"href":"http:\/\/www.mariabueno.org\/indextemp.php\/wp-json\/wp\/v2\/pages"}],"about":[{"href":"http:\/\/www.mariabueno.org\/indextemp.php\/wp-json\/wp\/v2\/types\/page"}],"author":[{"embeddable":true,"href":"http:\/\/www.mariabueno.org\/indextemp.php\/wp-json\/wp\/v2\/users\/1"}],"replies":[{"embeddable":true,"href":"http:\/\/www.mariabueno.org\/indextemp.php\/wp-json\/wp\/v2\/comments?post=38"}],"version-history":[{"count":42,"href":"http:\/\/www.mariabueno.org\/indextemp.php\/wp-json\/wp\/v2\/pages\/38\/revisions"}],"predecessor-version":[{"id":4403,"href":"http:\/\/www.mariabueno.org\/indextemp.php\/wp-json\/wp\/v2\/pages\/38\/revisions\/4403"}],"wp:attachment":[{"href":"http:\/\/www.mariabueno.org\/indextemp.php\/wp-json\/wp\/v2\/media?parent=38"}],"curies":[{"name":"wp","href":"https:\/\/api.w.org\/{rel}","templated":true}]}}