{"id":40,"date":"2014-02-28T22:10:06","date_gmt":"2014-02-28T22:10:06","guid":{"rendered":"http:\/\/www.mariabueno.org\/?page_id=40"},"modified":"2018-12-20T14:38:31","modified_gmt":"2018-12-20T14:38:31","slug":"career-in-numbers","status":"publish","type":"page","link":"http:\/\/www.mariabueno.org\/indextemp.php\/career-in-numbers\/","title":{"rendered":"Career in numbers"},"content":{"rendered":"<h1><span style=\"color: #000000; font-family: Trebuchet MS, Arial, Helvetica;\">MARIA ESTHER BUENO<\/span><\/h1>\n<ul>\n<li><span style=\"font-family: Arial, Arial, Helvetica;\"><span style=\"font-size: small;\">Date of Birth:11 October, 1939 \/ Date of Death: 8 June 2018<\/span><\/span><\/li>\n<li><span style=\"font-family: Arial, Arial, Helvetica;\"><span style=\"font-size: small;\">Place of Birth: S\u00e2o Paulo, Brazil \/ Place of Death:\u00a0S\u00e2o Paulo, Brazil<\/span><\/span><\/li>\n<li><span style=\"font-family: Arial, Arial, Helvetica;\"><span style=\"font-size: small;\">Place of Residence: S\u00e2o Paulo, Brazil<\/span><\/span><\/li>\n<li><span style=\"font-family: Arial, Arial, Helvetica;\"><span style=\"font-size: small;\">Height: 5\u2019 7\u201d (1.70 m)<\/span><\/span><\/li>\n<li><span style=\"font-family: Arial, Arial, Helvetica;\"><span style=\"font-size: small;\">Weight: 124 lbs (56 kgs)<\/span><\/span><\/li>\n<li><span style=\"font-family: Arial, Arial, Helvetica;\"><span style=\"font-size: small;\"><span style=\"font-family: Arial, Arial, Helvetica;\"><span style=\"font-size: small;\">Played: Right-handed<\/span><\/span><\/span><\/span><\/li>\n<li><span style=\"font-family: Arial, Arial, Helvetica;\"><span style=\"font-size: small;\">Status: Pro (1968)<\/span><\/span><\/li>\n<\/ul>\n<h2><span style=\"color: #000000; font-family: Trebuchet MS, Arial, Helvetica;\">Grand Slam History &#8211; Singles<!--mstheme--><\/span><\/h2>\n\n<table id=\"tablepress-4\" class=\"tablepress tablepress-id-4\">\n<thead>\n<tr class=\"row-1\">\n\t<td class=\"column-1\"><\/td><th class=\"column-2\">58<\/th><th class=\"column-3\">59<\/th><th class=\"column-4\">60<\/th><th class=\"column-5\">61<\/th><th class=\"column-6\">62<\/th><th class=\"column-7\">63<\/th><th class=\"column-8\">64<\/th><th class=\"column-9\">65<\/th><th class=\"column-10\">66<\/th><th class=\"column-11\">67<\/th><th class=\"column-12\">68<\/th><th class=\"column-13\">69<\/th><th class=\"column-14\">Did NOT PLAY<\/th><th class=\"column-15\">76<\/th><th class=\"column-16\">77<\/th><th class=\"column-17\">78<\/th><th class=\"column-18\">79<\/th><th class=\"column-19\">80<\/th>\n<\/tr>\n<\/thead>\n<tbody class=\"row-striping row-hover\">\n<tr class=\"row-2\">\n\t<td class=\"column-1\">Australia<\/td><td class=\"column-2\">*<\/td><td class=\"column-3\">*<\/td><td class=\"column-4\">QF<\/td><td class=\"column-5\">*<\/td><td class=\"column-6\">*<\/td><td class=\"column-7\">*<\/td><td class=\"column-8\">*<\/td><td class=\"column-9\">F<\/td><td class=\"column-10\">*<\/td><td class=\"column-11\">*<\/td><td class=\"column-12\">*<\/td><td class=\"column-13\">*<\/td><td class=\"column-14\"><\/td><td class=\"column-15\">*<\/td><td class=\"column-16\">*<\/td><td class=\"column-17\">*<\/td><td class=\"column-18\">*<\/td><td class=\"column-19\">*<\/td>\n<\/tr>\n<tr class=\"row-3\">\n\t<td class=\"column-1\">Roland Garros<\/td><td class=\"column-2\">SF<\/td><td class=\"column-3\">QF<\/td><td class=\"column-4\">SF<\/td><td class=\"column-5\">QF<\/td><td class=\"column-6\">*<\/td><td class=\"column-7\">*<\/td><td class=\"column-8\">F<\/td><td class=\"column-9\">SF<\/td><td class=\"column-10\">SF<\/td><td class=\"column-11\">QF<\/td><td class=\"column-12\">QF<\/td><td class=\"column-13\">*<\/td><td class=\"column-14\"><\/td><td class=\"column-15\">*<\/td><td class=\"column-16\">*<\/td><td class=\"column-17\">*<\/td><td class=\"column-18\">*<\/td><td class=\"column-19\">*<\/td>\n<\/tr>\n<tr class=\"row-4\">\n\t<td class=\"column-1\">Wimbledon<\/td><td class=\"column-2\">QF<\/td><td class=\"column-3\">W<\/td><td class=\"column-4\">W<\/td><td class=\"column-5\">*<\/td><td class=\"column-6\">SF<\/td><td class=\"column-7\">QF<\/td><td class=\"column-8\">W<\/td><td class=\"column-9\">F<\/td><td class=\"column-10\">F<\/td><td class=\"column-11\">4R<\/td><td class=\"column-12\">QF<\/td><td class=\"column-13\">*<\/td><td class=\"column-14\"><\/td><td class=\"column-15\">4R<\/td><td class=\"column-16\">3R<\/td><td class=\"column-17\">*<\/td><td class=\"column-18\">*<\/td><td class=\"column-19\">Dbles only<\/td>\n<\/tr>\n<tr class=\"row-5\">\n\t<td class=\"column-1\">Forest Hills<\/td><td class=\"column-2\">QF<\/td><td class=\"column-3\">W<\/td><td class=\"column-4\">F<\/td><td class=\"column-5\">*<\/td><td class=\"column-6\">SF<\/td><td class=\"column-7\">W<\/td><td class=\"column-8\">W<\/td><td class=\"column-9\">SF<\/td><td class=\"column-10\">W<\/td><td class=\"column-11\">*<\/td><td class=\"column-12\">SF<\/td><td class=\"column-13\">*<\/td><td class=\"column-14\"><\/td><td class=\"column-15\">*<\/td><td class=\"column-16\">*<\/td><td class=\"column-17\">*<\/td><td class=\"column-18\">*<\/td><td class=\"column-19\">*<\/td>\n<\/tr>\n<\/tbody>\n<\/table>\n<!-- #tablepress-4 from cache -->\n<h2>Singles Winner:<\/h2>\n<p><strong>GRAND SLAMS<\/strong>: Wimbledon \u2013 59, 60 &amp; 64; USA \u2013 59, 63, 64 &amp; 66<\/p>\n<p><strong>OTHERS:<\/strong> AUSTRALIA, Adelaide \u2013 60; AUSTRIA, Vienna \u2013 61; BELGIUM, Antwerp \u2013 60, 67; BRAZIL, Nationals \u2013 Senior \u2013 54; Under 14s \u2013 54, Under 21s \u2013 55; Under 18s \u2013 56, 57; South American Champion \u2013 64; S\u00e2o Paulo Under 14s \u2013 53; COLOMBIA, Barranquilla -60, 61; GERMANY, Wiesbaden \u2013 58; Dusseldorf \u2013 58; Baden Baden \u2013 62, 64; GREAT BRITAIN, Manchester \u2013 67; Bristol \u2013 58, 59; Birmingham \u2013 59, 60; Eastbourne \u2013 68; Beckenham \u2013 64; Newport, Wales \u2013 64, 66; IRELAND, Dublin \u2013 64, 65; ITALY, Rome \u2013 58, 61, 65; Florence \u2013 65; Turin \u2013 61; JAPAN, Tokyo \u2013 74; NETHERLANDS, Hilversum \u2013 62; PUERTO RICO, San Juan \u2013 61; SOUTH AFRICA, East London \u2013 64; Cape Town \u2013 63, 64; Johannesburg \u2013 63; Pretoria \u2013 64; SWEDEN, B\u00e5stad \u2013 62; SWITZERLAND, Gstaad \u2013 60; Montana \u2013 65; USA, Orange Bowl \u2013 57; Tampa \u2013 58; St Petersburg \u2013 58; Fort Lauderdale \u2013 57, 58; Orlando \u2013 58; Hollywood \u2013 58; Miami \u2013 58; Jacksonville \u2013 58; Houston \u2013 58; Los Angeles \u2013 64, 66; San Francisco \u2013 66; Essex \u2013 66, 68; Pipping Rock \u2013 63; VENEZUELA, Caracas \u2013 60, 61, 62, 63.<\/p>\n<h2>DOUBLES WINNER:<\/h2>\n<p><strong>GRAND SLAMS:<\/strong> The Grand Slam of Doubles in 60 \u2013 Australia with Christine Truman (GBR), French, Wimbledon and USA with Darlene Hard (USA); WIMBLEDON \u2013 58, 60, 63, 65, 66; USA \u2013 60, 62, 63, 66, 68; FRENCH \u2013 60.<\/p>\n<p><strong>OTHERS:<\/strong> ARGENTINA, Buenos Aires \u2013 64; AUSTRALIA, Brisbane \u2013 60; Sydney \u2013 59; Perth \u2013 60; Adelaide \u2013 60; AUSTRIA, Vienna \u2013 61; BELGIUM, Antwerp \u2013 60; BRAZIL, Nationals \u2013 Under 14s \u2013 53; Seniors \u2013 54; Unders 21s \u2013 55; Under 18s \u2013 55, 57; South American Champion \u2013 64; S\u00e2o Paulo Seniors \u2013 54, 56; COLOMBIA, Barranquilla \u2013 57, 60, 61, 63; GERMANY, Wiesbaden \u2013 58; Baden Baden \u2013 62, 64; Munich \u2013 66; GREAT BRITAIN, Manchester \u2013 63; Birmingham \u2013 59, 60; Eastbourne \u2013 68; Nottingham \u2013 63; Beckenham \u2013 64; Hoylake \u2013 66; Queen\u2019s Club, London \u2013 60; IRELAND, Dublin \u2013 65; ITALY, Rome \u2013 62; JAMAICA, Kingston \u2013 57; Montego Bat \u2013 57, 58, 63; PUERTO RICO, San Juan \u2013 57, 58, 60, 62; SWEDEN, B\u00e5stad \u2013 62; SWITZERLAND, Gstaad \u2013 60, 65; Montana \u2013 65; SOUTH AFRICA, East London \u2013 63, 64; Cape Town \u2013 63; Durban \u2013 63; 64; Johannesburg \u2013 63, 64; Bloemfontein \u2013 63, 64; Pretoria \u2013 64; USA, Tampa \u2013 58; St Petersburg \u2013 58; Coral Gables \u2013 57, 58; Essex \u2013 65, 68; Fort Lauderdale \u2013 57, 58; Orlando \u2013 58; Hollywood \u2013 58; Henderson Park \u2013 58; Miamia \u2013 58; Houston \u2013 58; Los Angeles \u2013 58, 60, 62, 63; San Francisco \u2013 58, 60, 62, 68; Richmond \u2013 68; Chicago \u2013 63; Pennsylvania \u2013 63; South Orange \u2013 63; Pipping Rock \u2013 63; Honolulu \u2013 65; VENEZUELA, Caracas \u2013 59, 60, 61, 63.<\/p>\n<h2>MIXED DOUBLES WINNER:<\/h2>\n<p><strong>GRAND SLAMS:<\/strong> FRANCE \u2013 60<\/p>\n<p><strong>OTHERS:<\/strong> AUSTRALIA, Sydney \u2013 59; Adelaide \u2013 60; AUSTRIA, Vienna \u2013 61; BRAZIL, Nationals: Seniors \u2013 57; S\u00e2o Paulo Seniors \u2013 55; GERMANY, Berlin \u2013 59; Baden Baden \u2013 64; Munich \u2013 65; GREAT BRITAIN, Beckenham \u2013 65, 68; IRELAND, Dublin \u2013 65; JAMAICA, Montego Bay \u2013 57; SWEDEN, B\u00e5stad \u2013 62; Switzerland, Gstaad \u2013 60, 65; Montana \u2013 65; VENEZUELA, Caracas \u2013 60.<\/p>\n<h2>SINGLES FINALIST:<\/h2>\n<p><strong>GRAND SLAMS:<\/strong> WIMBLEDON \u2013 65, 66; USA \u2013 60; FRANCE &#8211; 64; AUSTRALIA \u2013 65.<\/p>\n<p>OTHERS: ARGENTINA, Buenos Aires \u2013 64; BRAZIL, Nationals \u2013 Under 14s \u2013 52; Under18s \u2013 55; South American Team Championships \u2013 57; COLOMBIA, Barranquilla \u2013 58, 63; GERMANY, Berlin \u2013 59; Hamburg \u2013 58, 64, 66; GREAT BRITAIN, Beckenham \u2013 65, 66; Bristol \u2013 62; Manchester \u2013 58, 65; Nottingham \u2013 63; IRELAND, Dublin \u2013 77; ITALY, Rome \u2013 62; Naples \u2013 61; JAMAICA, Montego Bay \u2013 58, 63; NETHERLANDS, Hilversum \u2013 64; MOROCCO, Casablanca \u2013 63; PUERTO RICO, San Juan \u2013 60, 62; SOUTH AFRICA, East London \u2013 63; Johannesburg \u2013 64, 67; Bloemfontein \u2013 64; SWITZERLAND, Gstaad \u2013 65; USA, Coral Gables \u2013 57, 58; West Palm Beach \u2013 58; Los Angeles \u2013 59, 68l; San Francisco \u2013 63, 68; Essex \u2013 62, 63; VENEZUELA, Caracas \u2013 58, 59, 69.<\/p>\n<h2>DOUBLES FINALIST:<\/h2>\n<p><strong>GRAND SLAMS:<\/strong> WIMBLEDON \u2013 67; USA \u2013 58, 59, 63; FRANCE \u2013 61.<\/p>\n<p><strong>OTHERS:<\/strong> IRELAND, Dublin \u2013 64; ITALY, Rome \u2013 59; GERMANY, Hamburg \u2013 65; GREAT BRITAIN, Bristol \u2013 59; Neport, Wales \u2013 64; Queen\u2019s Club. London \u2013 62; SOUTH AFRICA, Johannesburg \u2013 67; VENEZUELA, Caracas \u2013 58; CANADA, Toronto \u2013 58; USA, Orange Bowl \u2013 57; St Petersburg \u2013 57; Los Angeles \u2013 59, 68; Essex \u2013 62; BRAZIL Nationals \u2013 Under 21s \u2013 56, 57; South American Team Championships \u2013 55; S\u00e2o Paulo Seniors \u2013 54.<\/p>\n<h2>MIXED DOUBLES FINALIST:<\/h2>\n<p><strong>GRAND SLAMS:<\/strong> WIMBLEDON \u2013 59, 60, 67; USA \u2013 60; FRANCE \u2013 64, 65.<\/p>\n<p><strong>OTHERS:<\/strong> BRAZIL, Nationals: Seniors \u2013 57; Under 21s \u2013 55; S\u00e2o Paulo Seniors \u2013 53; COLOMBIA, Barranquilla \u2013 57, 58, 59; ITALY, Rome \u2013 64; GERMANY, Dusseldorf \u2013 58; Hamburg \u2013 62, 66; Bielefeld \u2013 62; GREAT BRITAIN, Newport, Wales \u2013 66; Queen\u2019s Club, London \u2013 59; MOROCCO, Casablanca \u2013 63; NETHERLANDS, Hilversum \u2013 62, 64; SOUTH AFRICA, East London \u2013 64; Johannesburg \u2013 67; USA, West Palm Beach \u2013 58; Jacksonville \u2013 67.<\/p>\n<h2>ADDITIONAL<\/h2>\n<ul>\n<li>Declared World Champion in 1959, 1960, 1964 AND 1966<\/li>\n<li>Ranked in the world Top Ten from 1958-1968<\/li>\n<li>Brazilian Federation Cup team member in 1965, 76 and 77<\/li>\n<li>Pan American Games: Champion \u2013 63; 3<sup><span style=\"color: #666600; font-size: small;\">rd<\/span><\/sup> Place Doubles \u2013 55; Finalist Doubles \u2013 63; Finalist Mixed Doubles \u2013 63<\/li>\n<\/ul>\n<h2>QUICK FACTS<\/h2>\n<ul>\n<li>Won the singles at Wimbledon 3 times, the first in 1959 in just her second attempt at 19 years 266 days, one of the youngest champions of all time, and then again in 1960 and 64; She was a finalist twice in 1965 and 66<\/li>\n<li>Amassed 19 Grand Slam titles in singles, doubles and mixed in a short career spanning just 10 years, listing 16th among all-time women\u2019s Grand Slam leaders<\/li>\n<li>She is in 12th place in the list of most prolific Grand Slam Singles Champions (excluding those won in the era of the Challenge Round)<\/li>\n<li>In total, she won an amazing 589 titles<\/li>\n<li>Injured her right elbow and forearm at Wimbledon in 1967 which ended her dominance of the women\u2019s game and ultimately her rivalries with Margaret Smith Court and Billie Jean King. She retired in early 1969 on the Caribbean circuit<\/li>\n<li>Made occasional appearances through the 70s, winning the Japan Open in 1974 and returning to Wimbledon for some nostalgic Centre Court matches in 1976 and 77<\/li>\n<li>Played in the inaugural opening seasons of World Team Tennis in 1974 and 75<\/li>\n<li>Her last appearance at Wimbledon in the open events was the 1980 mixed doubles with Victor Pecci, after which she continued to compete in the senior events until 1994<\/li>\n<li>Voted Athlete of the Year by the Associated Press in 1959<\/li>\n<li>Honoured in Brazil with an airmail postage stamp, five statues, a mural and a sculpture<\/li>\n<li>In 1961, Madam Tussauds displayed a wax model of her in London<\/li>\n<li>Inducted into the International Tennis Hall of Fame in 1978<\/li>\n<li>Elected to the Museum and Sports Hall of Fame in New York in 1993<\/li>\n<li>Named the Best Latin American Tennis Player of the 20th Century to celebrate the Millennium<\/li>\n<li>Received the Jean Borotra Sportsmanship Award presented by the International Club at Wimbledon 2003<\/li>\n<li>In May 2006, received the prestigious Raccheta D&#8217;Oro Award in Rome<\/li>\n<li>In October 2014, received the S\u00e3o Paulo medal and diploma, Medalha Anchieta e o Diploma de Gratid\u00e3o de S\u00e3o Paulo, the highest accolade the state capital can bestow on a citizen<\/li>\n<li>The Olympic Tennis Stadium in Rio de Janeiro was named the Maria Esther Bueno Stadium in December 2015<\/li>\n<li>Carried the Olympic Torch through the main street in S\u00e3o Paulo on Sunday 24 July, 2016<\/li>\n<li>Opened the Closing Ceremony of the 31st Olympic Games in Rio de Janeiro at\u00a0Maracan\u00e3 Stadium by presenting the\u00a0folded Brazilian flag during the National Anthem for flying alongside the Olympic flag<\/li>\n<li>Did colour commentary for television and for the BBC Radio\u2019s Brazilian World Service<\/li>\n<li>Acted as a consultant to the ITF and COSAT and assisted with the development of professional women\u2019s tennis events throughout Latin America<\/li>\n<li>Spoke 5 languages (Portuguese, Spanish, English, French and Italian) and enjoys travelling, art museums and the theatre<\/li>\n<li>Lived in S\u00e2o Paulo, Brazil but visited the USA and the UK regularly up until her death on 8 June 2018 at\u00a0Nove de Julho hospital in S\u00e3o Paulo<\/li>\n<li>Honoured at her home club, the Sociedade Harmonia de T\u00eanis in S\u00e3o Paulo, with a tournament bearing her name for the top 8 Under 23 male players competing for\u00a0a wild card slot in the main draw at the ATP 500 pro event in Rio de Janeiro<\/li>\n<\/ul>\n<h3>Honorary Memberships<\/h3>\n<ul>\n<li>Clube de Regatas Tiet\u00ea, S\u00e3o Paulo<\/li>\n<li>Sociedade Harmonia de T\u00eanis, S\u00e3o Paulo<\/li>\n<li>The All England Lawn Tennis Club, Wimbledon (1959)<\/li>\n<li>The Harbour Club, Chelsea (9 December 1992)<\/li>\n<li>Town Tennis Club, New York (6 February 1993)<\/li>\n<li>Woodfield Grove Tennis Club, Streatham Hill (21 May 1993)<\/li>\n<li>Beckenham Lawn Tennis Club \/ Cricket Club, Beckenham (16 May 1996)<\/li>\n<li>The Park Langley Lawn Tennis Club, Beckenham (20 July 1996)<\/li>\n<\/ul>\n","protected":false},"excerpt":{"rendered":"<p>MARIA ESTHER BUENO Date of Birth:11 October, 1939 \/ Date of Death: 8 June 2018 Place of Birth: S\u00e2o Paulo, Brazil \/ Place of Death:\u00a0S\u00e2o Paulo, Brazil Place of Residence: S\u00e2o Paulo, Brazil Height: 5\u2019 7\u201d (1.70 m) Weight: 124&hellip;<\/p>\n<p class=\"more-link-p\"><a class=\"more-link\" href=\"http:\/\/www.mariabueno.org\/indextemp.php\/career-in-numbers\/\">Read more &rarr;<\/a><\/p>\n","protected":false},"author":1,"featured_media":0,"parent":0,"menu_order":0,"comment_status":"closed","ping_status":"closed","template":"","meta":{"footnotes":""},"class_list":["post-40","page","type-page","status-publish","hentry"],"yoast_head":"<!-- This site is optimized with the Yoast SEO plugin v27.4 - https:\/\/yoast.com\/product\/yoast-seo-wordpress\/ -->\n<title>Career in numbers - Maria Esther Bueno<\/title>\n<meta name=\"robots\" content=\"index, follow, max-snippet:-1, max-image-preview:large, max-video-preview:-1\" \/>\n<link rel=\"canonical\" href=\"http:\/\/www.mariabueno.org\/indextemp.php\/career-in-numbers\/\" \/>\n<meta property=\"og:locale\" content=\"en_GB\" \/>\n<meta property=\"og:type\" content=\"article\" \/>\n<meta property=\"og:title\" content=\"Career in numbers - Maria Esther Bueno\" \/>\n<meta property=\"og:description\" content=\"MARIA ESTHER BUENO Date of Birth:11 October, 1939 \/ Date of Death: 8 June 2018 Place of Birth: S\u00e2o Paulo, Brazil \/ Place of Death:\u00a0S\u00e2o Paulo, Brazil Place of Residence: S\u00e2o Paulo, Brazil Height: 5\u2019 7\u201d (1.70 m) Weight: 124&hellip;Read more &rarr;\" \/>\n<meta property=\"og:url\" content=\"http:\/\/www.mariabueno.org\/indextemp.php\/career-in-numbers\/\" \/>\n<meta property=\"og:site_name\" content=\"Maria Esther Bueno\" \/>\n<meta property=\"article:modified_time\" content=\"2018-12-20T14:38:31+00:00\" \/>\n<meta name=\"twitter:label1\" content=\"Estimated reading time\" \/>\n\t<meta name=\"twitter:data1\" content=\"5 minutes\" \/>\n<script type=\"application\/ld+json\" class=\"yoast-schema-graph\">{\"@context\":\"https:\\\/\\\/schema.org\",\"@graph\":[{\"@type\":\"WebPage\",\"@id\":\"http:\\\/\\\/www.mariabueno.org\\\/indextemp.php\\\/career-in-numbers\\\/\",\"url\":\"http:\\\/\\\/www.mariabueno.org\\\/indextemp.php\\\/career-in-numbers\\\/\",\"name\":\"Career in numbers - Maria Esther Bueno\",\"isPartOf\":{\"@id\":\"http:\\\/\\\/www.mariabueno.org\\\/indextemp.php\\\/#website\"},\"datePublished\":\"2014-02-28T22:10:06+00:00\",\"dateModified\":\"2018-12-20T14:38:31+00:00\",\"breadcrumb\":{\"@id\":\"http:\\\/\\\/www.mariabueno.org\\\/indextemp.php\\\/career-in-numbers\\\/#breadcrumb\"},\"inLanguage\":\"en-GB\",\"potentialAction\":[{\"@type\":\"ReadAction\",\"target\":[\"http:\\\/\\\/www.mariabueno.org\\\/indextemp.php\\\/career-in-numbers\\\/\"]}]},{\"@type\":\"BreadcrumbList\",\"@id\":\"http:\\\/\\\/www.mariabueno.org\\\/indextemp.php\\\/career-in-numbers\\\/#breadcrumb\",\"itemListElement\":[{\"@type\":\"ListItem\",\"position\":1,\"name\":\"Home\",\"item\":\"http:\\\/\\\/www.mariabueno.org\\\/indextemp.php\\\/\"},{\"@type\":\"ListItem\",\"position\":2,\"name\":\"Career in numbers\"}]},{\"@type\":\"WebSite\",\"@id\":\"http:\\\/\\\/www.mariabueno.org\\\/indextemp.php\\\/#website\",\"url\":\"http:\\\/\\\/www.mariabueno.org\\\/indextemp.php\\\/\",\"name\":\"Maria Esther Bueno\",\"description\":\"Legendary Tennis Champion\",\"potentialAction\":[{\"@type\":\"SearchAction\",\"target\":{\"@type\":\"EntryPoint\",\"urlTemplate\":\"http:\\\/\\\/www.mariabueno.org\\\/indextemp.php\\\/?s={search_term_string}\"},\"query-input\":{\"@type\":\"PropertyValueSpecification\",\"valueRequired\":true,\"valueName\":\"search_term_string\"}}],\"inLanguage\":\"en-GB\"}]}<\/script>\n<!-- \/ Yoast SEO plugin. -->","yoast_head_json":{"title":"Career in numbers - Maria Esther Bueno","robots":{"index":"index","follow":"follow","max-snippet":"max-snippet:-1","max-image-preview":"max-image-preview:large","max-video-preview":"max-video-preview:-1"},"canonical":"http:\/\/www.mariabueno.org\/indextemp.php\/career-in-numbers\/","og_locale":"en_GB","og_type":"article","og_title":"Career in numbers - Maria Esther Bueno","og_description":"MARIA ESTHER BUENO Date of Birth:11 October, 1939 \/ Date of Death: 8 June 2018 Place of Birth: S\u00e2o Paulo, Brazil \/ Place of Death:\u00a0S\u00e2o Paulo, Brazil Place of Residence: S\u00e2o Paulo, Brazil Height: 5\u2019 7\u201d (1.70 m) Weight: 124&hellip;Read more &rarr;","og_url":"http:\/\/www.mariabueno.org\/indextemp.php\/career-in-numbers\/","og_site_name":"Maria Esther Bueno","article_modified_time":"2018-12-20T14:38:31+00:00","twitter_misc":{"Estimated reading time":"5 minutes"},"schema":{"@context":"https:\/\/schema.org","@graph":[{"@type":"WebPage","@id":"http:\/\/www.mariabueno.org\/indextemp.php\/career-in-numbers\/","url":"http:\/\/www.mariabueno.org\/indextemp.php\/career-in-numbers\/","name":"Career in numbers - Maria Esther Bueno","isPartOf":{"@id":"http:\/\/www.mariabueno.org\/indextemp.php\/#website"},"datePublished":"2014-02-28T22:10:06+00:00","dateModified":"2018-12-20T14:38:31+00:00","breadcrumb":{"@id":"http:\/\/www.mariabueno.org\/indextemp.php\/career-in-numbers\/#breadcrumb"},"inLanguage":"en-GB","potentialAction":[{"@type":"ReadAction","target":["http:\/\/www.mariabueno.org\/indextemp.php\/career-in-numbers\/"]}]},{"@type":"BreadcrumbList","@id":"http:\/\/www.mariabueno.org\/indextemp.php\/career-in-numbers\/#breadcrumb","itemListElement":[{"@type":"ListItem","position":1,"name":"Home","item":"http:\/\/www.mariabueno.org\/indextemp.php\/"},{"@type":"ListItem","position":2,"name":"Career in numbers"}]},{"@type":"WebSite","@id":"http:\/\/www.mariabueno.org\/indextemp.php\/#website","url":"http:\/\/www.mariabueno.org\/indextemp.php\/","name":"Maria Esther Bueno","description":"Legendary Tennis Champion","potentialAction":[{"@type":"SearchAction","target":{"@type":"EntryPoint","urlTemplate":"http:\/\/www.mariabueno.org\/indextemp.php\/?s={search_term_string}"},"query-input":{"@type":"PropertyValueSpecification","valueRequired":true,"valueName":"search_term_string"}}],"inLanguage":"en-GB"}]}},"_links":{"self":[{"href":"http:\/\/www.mariabueno.org\/indextemp.php\/wp-json\/wp\/v2\/pages\/40","targetHints":{"allow":["GET"]}}],"collection":[{"href":"http:\/\/www.mariabueno.org\/indextemp.php\/wp-json\/wp\/v2\/pages"}],"about":[{"href":"http:\/\/www.mariabueno.org\/indextemp.php\/wp-json\/wp\/v2\/types\/page"}],"author":[{"embeddable":true,"href":"http:\/\/www.mariabueno.org\/indextemp.php\/wp-json\/wp\/v2\/users\/1"}],"replies":[{"embeddable":true,"href":"http:\/\/www.mariabueno.org\/indextemp.php\/wp-json\/wp\/v2\/comments?post=40"}],"version-history":[{"count":19,"href":"http:\/\/www.mariabueno.org\/indextemp.php\/wp-json\/wp\/v2\/pages\/40\/revisions"}],"predecessor-version":[{"id":4009,"href":"http:\/\/www.mariabueno.org\/indextemp.php\/wp-json\/wp\/v2\/pages\/40\/revisions\/4009"}],"wp:attachment":[{"href":"http:\/\/www.mariabueno.org\/indextemp.php\/wp-json\/wp\/v2\/media?parent=40"}],"curies":[{"name":"wp","href":"https:\/\/api.w.org\/{rel}","templated":true}]}}